{"id":9609,"date":"2017-03-13T21:09:18","date_gmt":"2017-03-13T21:09:18","guid":{"rendered":"http:\/\/www.kunnskap.de\/?page_id=9609"},"modified":"2022-12-16T11:09:16","modified_gmt":"2022-12-16T10:09:16","slug":"leitzins","status":"publish","type":"page","link":"https:\/\/prudentwater.com\/en\/leitzins\/","title":{"rendered":"Leitzins"},"content":{"rendered":"<p>Als Leitzins wird das wichtigste Instrument einer Zentralbank bezeichnet, mit dem ma\u00dfgeblich die Geldpolitik des Landes bzw. der W\u00e4hrungsunion gesteuert wird. Der Leitzins ist der Zinssatz, zu dem sich Gesch\u00e4ftsbanken bei der Zentralbank kurzfristig Geld leihen k\u00f6nnen. Er beeinflusst im besonderen Ma\u00dfe das Zinsniveau eines Landes sowie auch die Zinsen am Geldmarkt. In der Europ\u00e4ischen W\u00e4hrungsunion ist der Hauptrefinanzierungssatz der Leitzins, in den USA ist es die Federal Funds Rate. Der Leitzins hat hohen Einfluss auf die Entwicklung des Zinsniveaus, da Kreditzinsen als auch Tagesgeldzinsen indirekt an der Entwicklung des Leitzinses gekoppelt sind. Steigt der Leitzins an, so erhalten Sparer auch einen h\u00f6heren Zins auf ihr Tagesgeldkonto, m\u00fcssen andersherum jedoch auch h\u00f6here Zinsen f\u00fcr neu ausgegebene Kredite bezahlen.<\/p>\n","protected":false},"excerpt":{"rendered":"<p>Als Leitzins wird das wichtigste Instrument einer Zentralbank bezeichnet, mit dem ma\u00dfgeblich die Geldpolitik des Landes bzw. der W\u00e4hrungsunion gesteuert wird. Der Leitzins ist der Zinssatz, zu dem sich Gesch\u00e4ftsbanken bei der Zentralbank kurzfristig Geld leihen k\u00f6nnen. Er beeinflusst im besonderen Ma\u00dfe das Zinsniveau eines Landes sowie auch die Zinsen am Geldmarkt. In der Europ\u00e4ischen [&hellip;]<\/p>\n","protected":false},"author":1,"featured_media":0,"parent":0,"menu_order":0,"comment_status":"closed","ping_status":"closed","template":"","meta":{"site-sidebar-layout":"default","site-content-layout":"","ast-site-content-layout":"","site-content-style":"default","site-sidebar-style":"default","ast-global-header-display":"","ast-banner-title-visibility":"","ast-main-header-display":"","ast-hfb-above-header-display":"","ast-hfb-below-header-display":"","ast-hfb-mobile-header-display":"","site-post-title":"","ast-breadcrumbs-content":"","ast-featured-img":"","footer-sml-layout":"","theme-transparent-header-meta":"","adv-header-id-meta":"","stick-header-meta":"","header-above-stick-meta":"","header-main-stick-meta":"","header-below-stick-meta":"","astra-migrate-meta-layouts":"default","ast-page-background-enabled":"default","ast-page-background-meta":{"desktop":{"background-color":"","background-image":"","background-repeat":"repeat","background-position":"center center","background-size":"auto","background-attachment":"scroll","background-type":"","background-media":"","overlay-type":"","overlay-color":"","overlay-opacity":"","overlay-gradient":""},"tablet":{"background-color":"","background-image":"","background-repeat":"repeat","background-position":"center center","background-size":"auto","background-attachment":"scroll","background-type":"","background-media":"","overlay-type":"","overlay-color":"","overlay-opacity":"","overlay-gradient":""},"mobile":{"background-color":"","background-image":"","background-repeat":"repeat","background-position":"center center","background-size":"auto","background-attachment":"scroll","background-type":"","background-media":"","overlay-type":"","overlay-color":"","overlay-opacity":"","overlay-gradient":""}},"ast-content-background-meta":{"desktop":{"background-color":"var(--ast-global-color-5)","background-image":"","background-repeat":"repeat","background-position":"center center","background-size":"auto","background-attachment":"scroll","background-type":"","background-media":"","overlay-type":"","overlay-color":"","overlay-opacity":"","overlay-gradient":""},"tablet":{"background-color":"var(--ast-global-color-5)","background-image":"","background-repeat":"repeat","background-position":"center center","background-size":"auto","background-attachment":"scroll","background-type":"","background-media":"","overlay-type":"","overlay-color":"","overlay-opacity":"","overlay-gradient":""},"mobile":{"background-color":"var(--ast-global-color-5)","background-image":"","background-repeat":"repeat","background-position":"center center","background-size":"auto","background-attachment":"scroll","background-type":"","background-media":"","overlay-type":"","overlay-color":"","overlay-opacity":"","overlay-gradient":""}},"footnotes":""},"class_list":["post-9609","page","type-page","status-publish","hentry"],"translation":{"provider":"WPGlobus","version":"3.0.2","language":"en","enabled_languages":["de","en"],"languages":{"de":{"title":true,"content":true,"excerpt":false},"en":{"title":false,"content":false,"excerpt":false}}},"featured_image_urls_v2":{"full":"","thumbnail":"","medium":"","medium_large":"","large":"","1536x1536":"","2048x2048":""},"post_excerpt_stackable_v2":"<p>Als Leitzins wird das wichtigste Instrument einer Zentralbank bezeichnet, mit dem ma\u00dfgeblich die Geldpolitik des Landes bzw. der W\u00e4hrungsunion gesteuert wird. Der Leitzins ist der Zinssatz, zu dem sich Gesch\u00e4ftsbanken bei der Zentralbank kurzfristig Geld leihen k\u00f6nnen. Er beeinflusst im besonderen Ma\u00dfe das Zinsniveau eines Landes sowie auch die Zinsen am Geldmarkt. In der Europ\u00e4ischen W\u00e4hrungsunion ist der Hauptrefinanzierungssatz der Leitzins, in den USA ist es die Federal Funds Rate. Der Leitzins hat hohen Einfluss auf die Entwicklung des Zinsniveaus, da Kreditzinsen als auch Tagesgeldzinsen indirekt an der Entwicklung des Leitzinses gekoppelt sind. Steigt der Leitzins an, so erhalten Sparer&hellip;<\/p>\n","category_list_v2":"","author_info_v2":{"name":"PrudentWater","url":"https:\/\/prudentwater.com\/en\/author\/niklas33\/"},"comments_num_v2":"0 comments","_links":{"self":[{"href":"https:\/\/prudentwater.com\/en\/wp-json\/wp\/v2\/pages\/9609","targetHints":{"allow":["GET"]}}],"collection":[{"href":"https:\/\/prudentwater.com\/en\/wp-json\/wp\/v2\/pages"}],"about":[{"href":"https:\/\/prudentwater.com\/en\/wp-json\/wp\/v2\/types\/page"}],"author":[{"embeddable":true,"href":"https:\/\/prudentwater.com\/en\/wp-json\/wp\/v2\/users\/1"}],"replies":[{"embeddable":true,"href":"https:\/\/prudentwater.com\/en\/wp-json\/wp\/v2\/comments?post=9609"}],"version-history":[{"count":0,"href":"https:\/\/prudentwater.com\/en\/wp-json\/wp\/v2\/pages\/9609\/revisions"}],"wp:attachment":[{"href":"https:\/\/prudentwater.com\/en\/wp-json\/wp\/v2\/media?parent=9609"}],"curies":[{"name":"wp","href":"https:\/\/api.w.org\/{rel}","templated":true}]}}