{"id":9615,"date":"2017-03-14T17:18:44","date_gmt":"2017-03-14T17:18:44","guid":{"rendered":"http:\/\/www.kunnskap.de\/?page_id=9615"},"modified":"2021-06-25T12:49:37","modified_gmt":"2021-06-25T10:49:37","slug":"negativzins","status":"publish","type":"page","link":"https:\/\/prudentwater.com\/en\/negativzins\/","title":{"rendered":"Negativzins"},"content":{"rendered":"<p>Auch <strong>Strafzins<\/strong><\/p>\n<p>Negativzinsen liegen vor, wenn der Kreditgeber Zinsen an den Kreditnehmer leisten muss. Durch Negativzinsen verringert sich somit das urspr\u00fcngliche investierte Geld des Investors (Kreditgebers). F\u00fchrt hingegen eine Bank Negativzinsen ein, so wird sich das Geld des Anlegers nominal um den Prozentsatz des Negativzinses verringern. Real kann der Anleger jedoch noch einen Gewinn erzielen. Dazu muss allerdings die Deflationsrate h\u00f6her als der Negativzins ausfallen. Leidtragende von Negativzinsen sind vor allem Pensionskassen und Kreditinstitute. Profiteure von Negativzinsen sind allgemein Schuldner und hier vor allem der Staat aber auch Schuldner von sogennanten Roll-Over-Krediten oder Floater. Ebenso gehen Besitzer von Sachwertanlagen wie Immobilien als Gewinner von Negativzinsen hervor. \u00d6konomisch betrachtet sind Negativzinsen Anzeichen f\u00fcr tief greifende volkswirtschaftliche Probleme und bringen eben gef\u00e4hrliche Nebeneffekte f\u00fcr vor allem Pensionsfonds, Versicherungen und Banken mit sich. Deshalb sollte die Senkung eines Leitzinses in den Negativbereich als geldpolitisches Mittel einer Zentralbank auch nur in Extremf\u00e4llen angewendet werden, da das Negativzinsumfeld es allgemein f\u00fcr Banken unprofitabel macht Geld zu verleihen und es gleichzeitig Sparer ermutigt Bargeld zu horten.<\/p>\n<h5>Negativzins auf Bankeinlagen<\/h5>\n<p>Negative Realzinsen sind nichts Neues und in der Vergangenheit regelm\u00e4\u00dfig aufgetreten. Diese liegen vor, sobald die Inflationsrate \u00fcber dem Nominalzins liegt. Was jedoch zum ersten Mal im Jahr 2014 in Europa als Folge der globalen Finanzkrise 2007 eingef\u00fchrt wurde, sind nominale Negativzinsen.<br \/>\nDie jeweilige Zentralbank eines Landes f\u00fchrt Strafzinsen ein, damit Kreditinstitute ihr Geld nicht bei ihr &#8216;bunkert&#8217;, sondern in Form von Krediten an Unternehmen und Privatleute verleihen, um so die Wirtschaft inmitten deflation\u00e4rer Tendenzen anzukurbeln. Da die Zentralbank verantwortlich f\u00fcr die Geldpolitik ist, liegt bei ihr auch die Aufgabe, die damit verbundenen Ziele wie eine j\u00e4hrliche Inflationsrate von 2 % zu erreichen. Durch den Negativzins auf einen Leitzins wird bewusst auf eine Preissteigerungsrate in diesem Bereich hingearbeitet. Mit der Einf\u00fchrung von Negativzinsen erhofft sich die jeweilige Zentralbank also so die Wirtschaft nachhaltig in Schwung zu bringen, indem sie das &#8220;Liegenlassen&#8221; von Bareinlagen bestraft.<br \/>\nEine Bank hingegen f\u00fchrt Negativzinsen auf Einlagen ihrer Kunden ein, da in einem Niedrigzinsumfeld der Zins\u00fcberschuss einer Bank sinkt und sie somit die entstandenen Kosten f\u00fcr das Verwalten des Geldes auf sowohl ihre institutionellen Kunden als auch Privatkunden &#8216;abw\u00e4lzt&#8217;. Au\u00dferdem muss sie selbst den Negativzins f\u00fcr Einlagen, welche sie bei der Zentralbank h\u00e4lt, zahlen. In der Europ\u00e4ischen W\u00e4hrungsunion ist dies der Einlagesatz.<\/p>\n<h5>Negativzins auf Anleihen<\/h5>\n<p>Negativzinsen auf Anleihen liegen auch innerhalb eines Niedrigzinsumfeldes vor. Dann jedoch ist die Nachfrage nach diesen Anleihen so gro\u00df, dass die j\u00e4hrlichen Kuponzahlungen nicht mehr den erh\u00f6hten Kaufkurs ausgleichen k\u00f6nnen oder aber der Kupon 0,00 % betr\u00e4gt und es sich um eine \u00dcber-Pari-Emission handelt. In diesem Fall leiht sich der Emittent \u00fcber eine Anleihe Geld an der B\u00f6rse und erzielt dabei nominal einen Gewinn. Investoren kaufen jedoch trotzdem Anleihen mit einem Negativzins, da sie darauf spekulieren, dass sie Kursgewinne mit diesen Papieren erzielen k\u00f6nnen. Sie beabsichtigen also gar nicht die Anleihe bis zur F\u00e4lligkeit zu halten, sondern spekulieren darauf, dass der Kurs der Anleihe steigen wird und sie diese dann gewinnbringend an der B\u00f6rse weiterverkaufen k\u00f6nnen.<\/p>\n<h5>Konsequenzen von anhaltenden Negativzinsen<\/h5>\n<p>Halten Negativzinsen mittel- bis langfristig an, so wird dadurch das Bankensystem be- und gesch\u00e4digt, da Banken dadurch weniger auf ihre Anlagen verdienen und so schlicht der Zins\u00fcberschuss schrumpft. Au\u00dferdem verursachen Negativzinsen massive Herausforderungen f\u00fcr Versicherungen und Pensionskassen, da beide dazu verpflichtet sind, Anleihen zu verwenden, um Einkommensgarantien f\u00fcr ihre Sparer einzuhalten. Schlie\u00dflich k\u00f6nnen Negativzinsen die Menschen ironischerweise dazu zwingen, noch mehr und eben nicht weniger zu sparen, um die negative Aussicht auf ein geringeres Ruhestandseinkommen auszugleichen.<\/p>\n","protected":false},"excerpt":{"rendered":"<p>Auch Strafzins Negativzinsen liegen vor, wenn der Kreditgeber Zinsen an den Kreditnehmer leisten muss. Durch Negativzinsen verringert sich somit das urspr\u00fcngliche investierte Geld des Investors (Kreditgebers). F\u00fchrt hingegen eine Bank Negativzinsen ein, so wird sich das Geld des Anlegers nominal um den Prozentsatz des Negativzinses verringern. Real kann der Anleger jedoch noch einen Gewinn erzielen. [&hellip;]<\/p>\n","protected":false},"author":1,"featured_media":0,"parent":0,"menu_order":0,"comment_status":"closed","ping_status":"closed","template":"","meta":{"site-sidebar-layout":"default","site-content-layout":"","ast-site-content-layout":"","site-content-style":"default","site-sidebar-style":"default","ast-global-header-display":"","ast-banner-title-visibility":"","ast-main-header-display":"","ast-hfb-above-header-display":"","ast-hfb-below-header-display":"","ast-hfb-mobile-header-display":"","site-post-title":"","ast-breadcrumbs-content":"","ast-featured-img":"","footer-sml-layout":"","theme-transparent-header-meta":"","adv-header-id-meta":"","stick-header-meta":"","header-above-stick-meta":"","header-main-stick-meta":"","header-below-stick-meta":"","astra-migrate-meta-layouts":"default","ast-page-background-enabled":"default","ast-page-background-meta":{"desktop":{"background-color":"","background-image":"","background-repeat":"repeat","background-position":"center center","background-size":"auto","background-attachment":"scroll","background-type":"","background-media":"","overlay-type":"","overlay-color":"","overlay-opacity":"","overlay-gradient":""},"tablet":{"background-color":"","background-image":"","background-repeat":"repeat","background-position":"center center","background-size":"auto","background-attachment":"scroll","background-type":"","background-media":"","overlay-type":"","overlay-color":"","overlay-opacity":"","overlay-gradient":""},"mobile":{"background-color":"","background-image":"","background-repeat":"repeat","background-position":"center center","background-size":"auto","background-attachment":"scroll","background-type":"","background-media":"","overlay-type":"","overlay-color":"","overlay-opacity":"","overlay-gradient":""}},"ast-content-background-meta":{"desktop":{"background-color":"var(--ast-global-color-5)","background-image":"","background-repeat":"repeat","background-position":"center center","background-size":"auto","background-attachment":"scroll","background-type":"","background-media":"","overlay-type":"","overlay-color":"","overlay-opacity":"","overlay-gradient":""},"tablet":{"background-color":"var(--ast-global-color-5)","background-image":"","background-repeat":"repeat","background-position":"center center","background-size":"auto","background-attachment":"scroll","background-type":"","background-media":"","overlay-type":"","overlay-color":"","overlay-opacity":"","overlay-gradient":""},"mobile":{"background-color":"var(--ast-global-color-5)","background-image":"","background-repeat":"repeat","background-position":"center center","background-size":"auto","background-attachment":"scroll","background-type":"","background-media":"","overlay-type":"","overlay-color":"","overlay-opacity":"","overlay-gradient":""}},"footnotes":""},"class_list":["post-9615","page","type-page","status-publish","hentry"],"translation":{"provider":"WPGlobus","version":"3.0.2","language":"en","enabled_languages":["de","en"],"languages":{"de":{"title":true,"content":true,"excerpt":false},"en":{"title":false,"content":false,"excerpt":false}}},"featured_image_urls_v2":{"full":"","thumbnail":"","medium":"","medium_large":"","large":"","1536x1536":"","2048x2048":""},"post_excerpt_stackable_v2":"<p>Auch Strafzins Negativzinsen liegen vor, wenn der Kreditgeber Zinsen an den Kreditnehmer leisten muss. Durch Negativzinsen verringert sich somit das urspr\u00fcngliche investierte Geld des Investors (Kreditgebers). F\u00fchrt hingegen eine Bank Negativzinsen ein, so wird sich das Geld des Anlegers nominal um den Prozentsatz des Negativzinses verringern. Real kann der Anleger jedoch noch einen Gewinn erzielen. Dazu muss allerdings die Deflationsrate h\u00f6her als der Negativzins ausfallen. Leidtragende von Negativzinsen sind vor allem Pensionskassen und Kreditinstitute. Profiteure von Negativzinsen sind allgemein Schuldner und hier vor allem der Staat aber auch Schuldner von sogennanten Roll-Over-Krediten oder Floater. Ebenso gehen Besitzer von Sachwertanlagen wie&hellip;<\/p>\n","category_list_v2":"","author_info_v2":{"name":"PrudentWater","url":"https:\/\/prudentwater.com\/en\/author\/niklas33\/"},"comments_num_v2":"0 comments","_links":{"self":[{"href":"https:\/\/prudentwater.com\/en\/wp-json\/wp\/v2\/pages\/9615","targetHints":{"allow":["GET"]}}],"collection":[{"href":"https:\/\/prudentwater.com\/en\/wp-json\/wp\/v2\/pages"}],"about":[{"href":"https:\/\/prudentwater.com\/en\/wp-json\/wp\/v2\/types\/page"}],"author":[{"embeddable":true,"href":"https:\/\/prudentwater.com\/en\/wp-json\/wp\/v2\/users\/1"}],"replies":[{"embeddable":true,"href":"https:\/\/prudentwater.com\/en\/wp-json\/wp\/v2\/comments?post=9615"}],"version-history":[{"count":0,"href":"https:\/\/prudentwater.com\/en\/wp-json\/wp\/v2\/pages\/9615\/revisions"}],"wp:attachment":[{"href":"https:\/\/prudentwater.com\/en\/wp-json\/wp\/v2\/media?parent=9615"}],"curies":[{"name":"wp","href":"https:\/\/api.w.org\/{rel}","templated":true}]}}