{"id":9623,"date":"2017-03-14T17:45:00","date_gmt":"2017-03-14T17:45:00","guid":{"rendered":"http:\/\/www.kunnskap.de\/?page_id=9623"},"modified":"2022-10-25T15:31:51","modified_gmt":"2022-10-25T13:31:51","slug":"kursgewinn","status":"publish","type":"page","link":"https:\/\/prudentwater.com\/en\/kursgewinn\/","title":{"rendered":"Kursgewinn"},"content":{"rendered":"<p>An der B\u00f6rse wird dann ein Kursgewinn erzielt, wenn der Investor ein Wertpapier zu einem h\u00f6heren Kurs verkauft als er es zuvor gekauft hat. Der Verkaufskurs liegt somit \u00fcber dem Kaufkurs. Der Kursgewinn ist eine, jedoch nicht die einzige m\u00f6gliche Komponente der Rendite, die der Investor an der B\u00f6rse mit seinem Investment erzielen kann. Neben dem Kursgewinn kann sich die Rendite auch aus Zinseinnahmen oder Dividendeneinnahmen zusammensetzen. Sobald der Freistellungsauftrag ausgesch\u00f6pft wurde, hat der Anleger auf Kursgewinne aktuell 25 % Abgeltungssteuer plus Solidarit\u00e4tszuschlag und eventuell Kirchensteuer zu zahlen. Transaktionsgeb\u00fchren durch An- und Verkaufsspesen mindern jedoch entsprechend den steuerpflichtigen Gewinn.<\/p>\n","protected":false},"excerpt":{"rendered":"<p>An der B\u00f6rse wird dann ein Kursgewinn erzielt, wenn der Investor ein Wertpapier zu einem h\u00f6heren Kurs verkauft als er es zuvor gekauft hat. Der Verkaufskurs liegt somit \u00fcber dem Kaufkurs. Der Kursgewinn ist eine, jedoch nicht die einzige m\u00f6gliche Komponente der Rendite, die der Investor an der B\u00f6rse mit seinem Investment erzielen kann. Neben [&hellip;]<\/p>\n","protected":false},"author":1,"featured_media":0,"parent":0,"menu_order":0,"comment_status":"closed","ping_status":"closed","template":"","meta":{"site-sidebar-layout":"default","site-content-layout":"","ast-site-content-layout":"","site-content-style":"default","site-sidebar-style":"default","ast-global-header-display":"","ast-banner-title-visibility":"","ast-main-header-display":"","ast-hfb-above-header-display":"","ast-hfb-below-header-display":"","ast-hfb-mobile-header-display":"","site-post-title":"","ast-breadcrumbs-content":"","ast-featured-img":"","footer-sml-layout":"","theme-transparent-header-meta":"","adv-header-id-meta":"","stick-header-meta":"","header-above-stick-meta":"","header-main-stick-meta":"","header-below-stick-meta":"","astra-migrate-meta-layouts":"default","ast-page-background-enabled":"default","ast-page-background-meta":{"desktop":{"background-color":"","background-image":"","background-repeat":"repeat","background-position":"center center","background-size":"auto","background-attachment":"scroll","background-type":"","background-media":"","overlay-type":"","overlay-color":"","overlay-opacity":"","overlay-gradient":""},"tablet":{"background-color":"","background-image":"","background-repeat":"repeat","background-position":"center center","background-size":"auto","background-attachment":"scroll","background-type":"","background-media":"","overlay-type":"","overlay-color":"","overlay-opacity":"","overlay-gradient":""},"mobile":{"background-color":"","background-image":"","background-repeat":"repeat","background-position":"center center","background-size":"auto","background-attachment":"scroll","background-type":"","background-media":"","overlay-type":"","overlay-color":"","overlay-opacity":"","overlay-gradient":""}},"ast-content-background-meta":{"desktop":{"background-color":"var(--ast-global-color-5)","background-image":"","background-repeat":"repeat","background-position":"center center","background-size":"auto","background-attachment":"scroll","background-type":"","background-media":"","overlay-type":"","overlay-color":"","overlay-opacity":"","overlay-gradient":""},"tablet":{"background-color":"var(--ast-global-color-5)","background-image":"","background-repeat":"repeat","background-position":"center center","background-size":"auto","background-attachment":"scroll","background-type":"","background-media":"","overlay-type":"","overlay-color":"","overlay-opacity":"","overlay-gradient":""},"mobile":{"background-color":"var(--ast-global-color-5)","background-image":"","background-repeat":"repeat","background-position":"center center","background-size":"auto","background-attachment":"scroll","background-type":"","background-media":"","overlay-type":"","overlay-color":"","overlay-opacity":"","overlay-gradient":""}},"footnotes":""},"class_list":["post-9623","page","type-page","status-publish","hentry"],"translation":{"provider":"WPGlobus","version":"3.0.2","language":"en","enabled_languages":["de","en"],"languages":{"de":{"title":true,"content":true,"excerpt":false},"en":{"title":false,"content":false,"excerpt":false}}},"featured_image_urls_v2":{"full":"","thumbnail":"","medium":"","medium_large":"","large":"","1536x1536":"","2048x2048":""},"post_excerpt_stackable_v2":"<p>An der B\u00f6rse wird dann ein Kursgewinn erzielt, wenn der Investor ein Wertpapier zu einem h\u00f6heren Kurs verkauft als er es zuvor gekauft hat. Der Verkaufskurs liegt somit \u00fcber dem Kaufkurs. Der Kursgewinn ist eine, jedoch nicht die einzige m\u00f6gliche Komponente der Rendite, die der Investor an der B\u00f6rse mit seinem Investment erzielen kann. Neben dem Kursgewinn kann sich die Rendite auch aus Zinseinnahmen oder Dividendeneinnahmen zusammensetzen. Sobald der Freistellungsauftrag ausgesch\u00f6pft wurde, hat der Anleger auf Kursgewinne aktuell 25 % Abgeltungssteuer plus Solidarit\u00e4tszuschlag und eventuell Kirchensteuer zu zahlen. Transaktionsgeb\u00fchren durch An- und Verkaufsspesen mindern jedoch entsprechend den steuerpflichtigen Gewinn.<\/p>\n","category_list_v2":"","author_info_v2":{"name":"PrudentWater","url":"https:\/\/prudentwater.com\/en\/author\/niklas33\/"},"comments_num_v2":"0 comments","_links":{"self":[{"href":"https:\/\/prudentwater.com\/en\/wp-json\/wp\/v2\/pages\/9623","targetHints":{"allow":["GET"]}}],"collection":[{"href":"https:\/\/prudentwater.com\/en\/wp-json\/wp\/v2\/pages"}],"about":[{"href":"https:\/\/prudentwater.com\/en\/wp-json\/wp\/v2\/types\/page"}],"author":[{"embeddable":true,"href":"https:\/\/prudentwater.com\/en\/wp-json\/wp\/v2\/users\/1"}],"replies":[{"embeddable":true,"href":"https:\/\/prudentwater.com\/en\/wp-json\/wp\/v2\/comments?post=9623"}],"version-history":[{"count":0,"href":"https:\/\/prudentwater.com\/en\/wp-json\/wp\/v2\/pages\/9623\/revisions"}],"wp:attachment":[{"href":"https:\/\/prudentwater.com\/en\/wp-json\/wp\/v2\/media?parent=9623"}],"curies":[{"name":"wp","href":"https:\/\/api.w.org\/{rel}","templated":true}]}}