{"id":9654,"date":"2017-03-21T13:48:12","date_gmt":"2017-03-21T13:48:12","guid":{"rendered":"http:\/\/www.kunnskap.de\/?page_id=9654"},"modified":"2023-03-30T21:37:04","modified_gmt":"2023-03-30T19:37:04","slug":"ex-bezugsrecht","status":"publish","type":"page","link":"https:\/\/prudentwater.com\/en\/ex-bezugsrecht\/","title":{"rendered":"Ex Bezugsrecht"},"content":{"rendered":"<p>Auch <b>exB<\/b> oder <b>ex BR<\/b><\/p>\n<p>Der Begriff &#8220;Ex Bezugsrecht&#8221; erscheint w\u00e4hrend der Kapitalerh\u00f6hung eines Unternehmens und bedeutet, dass die mit diesem Zusatz gekennzeichneten Aktien von nun an ohne Anspruch auf den Erwerb der neu emittierten Aktien gehandelt werden. Diese neuen Aktien werden in dem Zusammenhang auch als junge Aktien bezeichnet. Der Anspruch auf den Erwerb bestand jedoch 14 Tage vorher aufgrund der Kapitalerh\u00f6hung des Unternehmens. Altaktion\u00e4ren wurde dabei ein Bezugsrecht zugesprochen, womit sie bei einer Kapitalerh\u00f6hung neue Aktien im Verh\u00e4ltnis zu ihrem bisherigen Anteil erwerben konnten, um eine Kapitalverw\u00e4sserung zu vermeiden. Sobald nun aber die jeweilige Aktie mit dem Kurszusatz &#8220;ex Bezugsrecht&#8221; gekennzeichnet ist, wird der Kurs der Aktie mit Kursabschlag in H\u00f6he des Wertes des Bezugsrechts je Aktie gehandelt. Dies geschieht in der Regel ab dem vorletzten B\u00f6rsentag vor Ablauf der Bezugsfrist. An diesem Tag wird das Bezugsrecht von den Aktien abgetrennt und den Altaktion\u00e4ren als eigene Position ins Wertpapierdepot eingebucht. Der Anleger kann nun die Bezugsrechte aus\u00fcben, um einen Verw\u00e4sserungseffekt zu vermeiden oder aber er kann sie \u00fcber die B\u00f6rse weiterverkaufen. Dies bleibt komplett dem Aktion\u00e4r \u00fcberlassen.<\/p>\n","protected":false},"excerpt":{"rendered":"<p>Auch exB oder ex BR Der Begriff &#8220;Ex Bezugsrecht&#8221; erscheint w\u00e4hrend der Kapitalerh\u00f6hung eines Unternehmens und bedeutet, dass die mit diesem Zusatz gekennzeichneten Aktien von nun an ohne Anspruch auf den Erwerb der neu emittierten Aktien gehandelt werden. Diese neuen Aktien werden in dem Zusammenhang auch als junge Aktien bezeichnet. Der Anspruch auf den Erwerb [&hellip;]<\/p>\n","protected":false},"author":1,"featured_media":0,"parent":0,"menu_order":0,"comment_status":"closed","ping_status":"closed","template":"","meta":{"site-sidebar-layout":"default","site-content-layout":"","ast-site-content-layout":"","site-content-style":"default","site-sidebar-style":"default","ast-global-header-display":"","ast-banner-title-visibility":"","ast-main-header-display":"","ast-hfb-above-header-display":"","ast-hfb-below-header-display":"","ast-hfb-mobile-header-display":"","site-post-title":"","ast-breadcrumbs-content":"","ast-featured-img":"","footer-sml-layout":"","theme-transparent-header-meta":"","adv-header-id-meta":"","stick-header-meta":"","header-above-stick-meta":"","header-main-stick-meta":"","header-below-stick-meta":"","astra-migrate-meta-layouts":"default","ast-page-background-enabled":"default","ast-page-background-meta":{"desktop":{"background-color":"","background-image":"","background-repeat":"repeat","background-position":"center center","background-size":"auto","background-attachment":"scroll","background-type":"","background-media":"","overlay-type":"","overlay-color":"","overlay-opacity":"","overlay-gradient":""},"tablet":{"background-color":"","background-image":"","background-repeat":"repeat","background-position":"center center","background-size":"auto","background-attachment":"scroll","background-type":"","background-media":"","overlay-type":"","overlay-color":"","overlay-opacity":"","overlay-gradient":""},"mobile":{"background-color":"","background-image":"","background-repeat":"repeat","background-position":"center center","background-size":"auto","background-attachment":"scroll","background-type":"","background-media":"","overlay-type":"","overlay-color":"","overlay-opacity":"","overlay-gradient":""}},"ast-content-background-meta":{"desktop":{"background-color":"var(--ast-global-color-5)","background-image":"","background-repeat":"repeat","background-position":"center center","background-size":"auto","background-attachment":"scroll","background-type":"","background-media":"","overlay-type":"","overlay-color":"","overlay-opacity":"","overlay-gradient":""},"tablet":{"background-color":"var(--ast-global-color-5)","background-image":"","background-repeat":"repeat","background-position":"center center","background-size":"auto","background-attachment":"scroll","background-type":"","background-media":"","overlay-type":"","overlay-color":"","overlay-opacity":"","overlay-gradient":""},"mobile":{"background-color":"var(--ast-global-color-5)","background-image":"","background-repeat":"repeat","background-position":"center center","background-size":"auto","background-attachment":"scroll","background-type":"","background-media":"","overlay-type":"","overlay-color":"","overlay-opacity":"","overlay-gradient":""}},"footnotes":""},"class_list":["post-9654","page","type-page","status-publish","hentry"],"translation":{"provider":"WPGlobus","version":"3.0.2","language":"en","enabled_languages":["de","en"],"languages":{"de":{"title":true,"content":true,"excerpt":false},"en":{"title":false,"content":false,"excerpt":false}}},"featured_image_urls_v2":{"full":"","thumbnail":"","medium":"","medium_large":"","large":"","1536x1536":"","2048x2048":""},"post_excerpt_stackable_v2":"<p>Auch exB oder ex BR Der Begriff &#8220;Ex Bezugsrecht&#8221; erscheint w\u00e4hrend der Kapitalerh\u00f6hung eines Unternehmens und bedeutet, dass die mit diesem Zusatz gekennzeichneten Aktien von nun an ohne Anspruch auf den Erwerb der neu emittierten Aktien gehandelt werden. Diese neuen Aktien werden in dem Zusammenhang auch als junge Aktien bezeichnet. Der Anspruch auf den Erwerb bestand jedoch 14 Tage vorher aufgrund der Kapitalerh\u00f6hung des Unternehmens. Altaktion\u00e4ren wurde dabei ein Bezugsrecht zugesprochen, womit sie bei einer Kapitalerh\u00f6hung neue Aktien im Verh\u00e4ltnis zu ihrem bisherigen Anteil erwerben konnten, um eine Kapitalverw\u00e4sserung zu vermeiden. Sobald nun aber die jeweilige Aktie mit dem Kurszusatz&hellip;<\/p>\n","category_list_v2":"","author_info_v2":{"name":"PrudentWater","url":"https:\/\/prudentwater.com\/en\/author\/niklas33\/"},"comments_num_v2":"0 comments","_links":{"self":[{"href":"https:\/\/prudentwater.com\/en\/wp-json\/wp\/v2\/pages\/9654","targetHints":{"allow":["GET"]}}],"collection":[{"href":"https:\/\/prudentwater.com\/en\/wp-json\/wp\/v2\/pages"}],"about":[{"href":"https:\/\/prudentwater.com\/en\/wp-json\/wp\/v2\/types\/page"}],"author":[{"embeddable":true,"href":"https:\/\/prudentwater.com\/en\/wp-json\/wp\/v2\/users\/1"}],"replies":[{"embeddable":true,"href":"https:\/\/prudentwater.com\/en\/wp-json\/wp\/v2\/comments?post=9654"}],"version-history":[{"count":0,"href":"https:\/\/prudentwater.com\/en\/wp-json\/wp\/v2\/pages\/9654\/revisions"}],"wp:attachment":[{"href":"https:\/\/prudentwater.com\/en\/wp-json\/wp\/v2\/media?parent=9654"}],"curies":[{"name":"wp","href":"https:\/\/api.w.org\/{rel}","templated":true}]}}