{"id":967,"date":"2014-09-29T14:13:51","date_gmt":"2014-09-29T14:13:51","guid":{"rendered":"http:\/\/www.kunnskap.de\/?page_id=967"},"modified":"2022-05-30T14:29:14","modified_gmt":"2022-05-30T12:29:14","slug":"junk-bond","status":"publish","type":"page","link":"https:\/\/prudentwater.com\/en\/junk-bond\/","title":{"rendered":"Junk Bond"},"content":{"rendered":"<p>Auch <strong>High-Yield-Anleihe<\/strong>, <strong>Ramsch-Anleihe<\/strong> oder <strong>Hochzinsanleihe<\/strong><\/p>\n<p>Junks Bonds sind Anleihen, welche von Emittenten mit schlechter Bonit\u00e4t ausgegeben werden und somit ein erh\u00f6htes Ausfallrisiko aufweisen. Das Risiko eines Totalverlustes, welches der K\u00e4ufer von Junk Bonds eingeht, ist deutlicher h\u00f6her als wenn er bonit\u00e4tsstarke Anleihen oder Investment Grade-Anleihen kaufen w\u00fcrde. Junk Bonds sind somit eine spekulative Geldanlage, da das Risiko eines Zahlungsverzuges oder gar eines Totalverlustes h\u00f6her ist. Sie haben ein Rating von BB+ oder niedriger.<br \/>\n<div class=\"perfect-pullquote vcard pullquote-align-full pullquote-border-placement-left\" style=\"border-color:#9cd3db !important;font-size:22px !important;\"><blockquote><p style=\"font-size:22px !important;\">Notieren Junk Bonds bei 70 % des Nominalwertes oder tiefer, gilt dies allgemein unter Investoren als Warnung daf\u00fcr, dass das Unternehmen wom\u00f6glich in so starke finanzielle Schwierigkeiten geraten ist, dass es deshalb nicht mehr in der Lage sein wird, die Anleihe wie vereinbart zu tilgen. Die 70 %-Schwelle gilt deshalb oftmals als eine Art Warnstufe.<\/p><\/blockquote><\/div>Ist der Emittent bei F\u00e4lligkeit der Anleihe jedoch in der Lage, die Anleihe zum Nominalwert zu tilgen, erzielt der Anleger mit Junk Bonds eine h\u00f6here Rendite als mit Investment Grade-Anleihen. Junk Bonds bieten somit eine h\u00f6here Rendite, damit einhergehend jedoch auch ein erh\u00f6htes Risiko, da Emittenten von Junk Bonds in der Regel im Durchschnitt h\u00f6her verschuldet sind als Emittenten von Investment Grade-Anleihen. Au\u00dferdem handelt es sich bei Emittenten von Junk Bonds um Unternehmen, welche sich bis dato am Markt noch nicht ausreichend etablieren konnten mit zeitgleich ungewissen Zukunftsaussichten. Deshalb werden von Investoren in der Regel vor allem Junk Bonds mit kurzer bis mittler Laufzeit nachgefragt, da schlicht der langfristige Ausblick in Bezug auf Gesch\u00e4ftsentwicklung als auch Schuldenprofil zu ungewiss sind. Ein wirklicher Markt f\u00fcr Junk Bonds hat sich jedoch erst in den 1980er Jahren entwickelt, da von da an h\u00f6here Verschuldungsgrade bei den US-Unternehmen von der Finanzwelt akzeptiert wurden, um neues Wachstum zu erzeugen.<\/p>\n","protected":false},"excerpt":{"rendered":"<p>Auch High-Yield-Anleihe, Ramsch-Anleihe oder Hochzinsanleihe Junks Bonds sind Anleihen, welche von Emittenten mit schlechter Bonit\u00e4t ausgegeben werden und somit ein erh\u00f6htes Ausfallrisiko aufweisen. Das Risiko eines Totalverlustes, welches der K\u00e4ufer von Junk Bonds eingeht, ist deutlicher h\u00f6her als wenn er bonit\u00e4tsstarke Anleihen oder Investment Grade-Anleihen kaufen w\u00fcrde. Junk Bonds sind somit eine spekulative Geldanlage, da [&hellip;]<\/p>\n","protected":false},"author":1,"featured_media":0,"parent":0,"menu_order":0,"comment_status":"closed","ping_status":"closed","template":"","meta":{"site-sidebar-layout":"default","site-content-layout":"default","ast-site-content-layout":"","site-content-style":"default","site-sidebar-style":"default","ast-global-header-display":"","ast-banner-title-visibility":"","ast-main-header-display":"","ast-hfb-above-header-display":"","ast-hfb-below-header-display":"","ast-hfb-mobile-header-display":"","site-post-title":"","ast-breadcrumbs-content":"","ast-featured-img":"","footer-sml-layout":"","theme-transparent-header-meta":"default","adv-header-id-meta":"","stick-header-meta":"","header-above-stick-meta":"","header-main-stick-meta":"","header-below-stick-meta":"","astra-migrate-meta-layouts":"default","ast-page-background-enabled":"default","ast-page-background-meta":{"desktop":{"background-color":"","background-image":"","background-repeat":"repeat","background-position":"center center","background-size":"auto","background-attachment":"scroll","background-type":"","background-media":"","overlay-type":"","overlay-color":"","overlay-opacity":"","overlay-gradient":""},"tablet":{"background-color":"","background-image":"","background-repeat":"repeat","background-position":"center center","background-size":"auto","background-attachment":"scroll","background-type":"","background-media":"","overlay-type":"","overlay-color":"","overlay-opacity":"","overlay-gradient":""},"mobile":{"background-color":"","background-image":"","background-repeat":"repeat","background-position":"center center","background-size":"auto","background-attachment":"scroll","background-type":"","background-media":"","overlay-type":"","overlay-color":"","overlay-opacity":"","overlay-gradient":""}},"ast-content-background-meta":{"desktop":{"background-color":"var(--ast-global-color-5)","background-image":"","background-repeat":"repeat","background-position":"center center","background-size":"auto","background-attachment":"scroll","background-type":"","background-media":"","overlay-type":"","overlay-color":"","overlay-opacity":"","overlay-gradient":""},"tablet":{"background-color":"var(--ast-global-color-5)","background-image":"","background-repeat":"repeat","background-position":"center center","background-size":"auto","background-attachment":"scroll","background-type":"","background-media":"","overlay-type":"","overlay-color":"","overlay-opacity":"","overlay-gradient":""},"mobile":{"background-color":"var(--ast-global-color-5)","background-image":"","background-repeat":"repeat","background-position":"center center","background-size":"auto","background-attachment":"scroll","background-type":"","background-media":"","overlay-type":"","overlay-color":"","overlay-opacity":"","overlay-gradient":""}},"footnotes":""},"class_list":["post-967","page","type-page","status-publish","hentry"],"translation":{"provider":"WPGlobus","version":"3.0.2","language":"en","enabled_languages":["de","en"],"languages":{"de":{"title":true,"content":true,"excerpt":false},"en":{"title":false,"content":false,"excerpt":false}}},"featured_image_urls_v2":{"full":"","thumbnail":"","medium":"","medium_large":"","large":"","1536x1536":"","2048x2048":""},"post_excerpt_stackable_v2":"<p>Auch High-Yield-Anleihe, Ramsch-Anleihe oder Hochzinsanleihe Junks Bonds sind Anleihen, welche von Emittenten mit schlechter Bonit\u00e4t ausgegeben werden und somit ein erh\u00f6htes Ausfallrisiko aufweisen. Das Risiko eines Totalverlustes, welches der K\u00e4ufer von Junk Bonds eingeht, ist deutlicher h\u00f6her als wenn er bonit\u00e4tsstarke Anleihen oder Investment Grade-Anleihen kaufen w\u00fcrde. Junk Bonds sind somit eine spekulative Geldanlage, da das Risiko eines Zahlungsverzuges oder gar eines Totalverlustes h\u00f6her ist. Sie haben ein Rating von BB+ oder niedriger. Notieren Junk Bonds bei 70 % des Nominalwertes oder tiefer, gilt dies allgemein unter Investoren als Warnung daf\u00fcr, dass das Unternehmen wom\u00f6glich in so starke finanzielle Schwierigkeiten&hellip;<\/p>\n","category_list_v2":"","author_info_v2":{"name":"PrudentWater","url":"https:\/\/prudentwater.com\/en\/author\/niklas33\/"},"comments_num_v2":"0 comments","_links":{"self":[{"href":"https:\/\/prudentwater.com\/en\/wp-json\/wp\/v2\/pages\/967","targetHints":{"allow":["GET"]}}],"collection":[{"href":"https:\/\/prudentwater.com\/en\/wp-json\/wp\/v2\/pages"}],"about":[{"href":"https:\/\/prudentwater.com\/en\/wp-json\/wp\/v2\/types\/page"}],"author":[{"embeddable":true,"href":"https:\/\/prudentwater.com\/en\/wp-json\/wp\/v2\/users\/1"}],"replies":[{"embeddable":true,"href":"https:\/\/prudentwater.com\/en\/wp-json\/wp\/v2\/comments?post=967"}],"version-history":[{"count":0,"href":"https:\/\/prudentwater.com\/en\/wp-json\/wp\/v2\/pages\/967\/revisions"}],"wp:attachment":[{"href":"https:\/\/prudentwater.com\/en\/wp-json\/wp\/v2\/media?parent=967"}],"curies":[{"name":"wp","href":"https:\/\/api.w.org\/{rel}","templated":true}]}}